{"id":635,"date":"2026-04-08T04:17:32","date_gmt":"2026-04-08T02:17:32","guid":{"rendered":"https:\/\/bcs-rdc.com\/2023\/?page_id=635"},"modified":"2026-04-08T06:20:34","modified_gmt":"2026-04-08T04:20:34","slug":"cyber-securite","status":"publish","type":"page","link":"http:\/\/bcs-rdc.com\/2023\/cyber-securite\/","title":{"rendered":"Cyber S\u00e9curit\u00e9"},"content":{"rendered":"\t\t<div data-elementor-type=\"wp-page\" data-elementor-id=\"635\" class=\"elementor elementor-635\">\n\t\t\t\t\t\t<section class=\"elementor-section elementor-top-section elementor-element elementor-element-5c5c317 elementor-section-boxed elementor-section-height-default elementor-section-height-default wpr-particle-no wpr-jarallax-no wpr-parallax-no wpr-sticky-section-no\" data-id=\"5c5c317\" data-element_type=\"section\" data-e-type=\"section\">\n\t\t\t\t\t\t\t<div class=\"elementor-background-overlay\"><\/div>\n\t\t\t\t\t\t\t<div class=\"elementor-container elementor-column-gap-default\">\n\t\t\t\t\t<div class=\"elementor-column elementor-col-100 elementor-top-column elementor-element elementor-element-23488e9\" data-id=\"23488e9\" data-element_type=\"column\" data-e-type=\"column\" data-settings=\"{&quot;background_background&quot;:&quot;classic&quot;}\">\n\t\t\t<div class=\"elementor-widget-wrap elementor-element-populated\">\n\t\t\t\t\t<div class=\"elementor-background-overlay\"><\/div>\n\t\t\t\t\t\t<div class=\"elementor-element elementor-element-722e4b4 elementor-widget elementor-widget-image\" data-id=\"722e4b4\" data-element_type=\"widget\" data-e-type=\"widget\" data-widget_type=\"image.default\">\n\t\t\t\t<div class=\"elementor-widget-container\">\n\t\t\t\t\t\t\t\t\t\t\t\t\t\t\t<img decoding=\"async\" width=\"260\" height=\"120\" src=\"https:\/\/bcs-rdc.com\/2023\/wp-content\/uploads\/2023\/07\/logo_bcs-1.png\" class=\"attachment-medium size-medium wp-image-358\" alt=\"\" \/>\t\t\t\t\t\t\t\t\t\t\t\t\t\t\t<\/div>\n\t\t\t\t<\/div>\n\t\t\t\t<section class=\"elementor-section elementor-inner-section elementor-element elementor-element-8476f32 elementor-section-boxed elementor-section-height-default elementor-section-height-default wpr-particle-no wpr-jarallax-no wpr-parallax-no wpr-sticky-section-no\" data-id=\"8476f32\" data-element_type=\"section\" data-e-type=\"section\">\n\t\t\t\t\t\t<div class=\"elementor-container elementor-column-gap-default\">\n\t\t\t\t\t<div class=\"elementor-column elementor-col-100 elementor-inner-column elementor-element elementor-element-0b1a12e\" data-id=\"0b1a12e\" data-element_type=\"column\" data-e-type=\"column\">\n\t\t\t<div class=\"elementor-widget-wrap\">\n\t\t\t\t\t\t\t<\/div>\n\t\t<\/div>\n\t\t\t\t\t<\/div>\n\t\t<\/section>\n\t\t\t\t<div class=\"elementor-element elementor-element-1670add elementor-widget elementor-widget-spacer\" data-id=\"1670add\" data-element_type=\"widget\" data-e-type=\"widget\" data-widget_type=\"spacer.default\">\n\t\t\t\t<div class=\"elementor-widget-container\">\n\t\t\t\t\t\t\t<div class=\"elementor-spacer\">\n\t\t\t<div class=\"elementor-spacer-inner\"><\/div>\n\t\t<\/div>\n\t\t\t\t\t\t<\/div>\n\t\t\t\t<\/div>\n\t\t\t\t<section class=\"elementor-section elementor-inner-section elementor-element elementor-element-e72d19c elementor-section-boxed elementor-section-height-default elementor-section-height-default wpr-particle-no wpr-jarallax-no wpr-parallax-no wpr-sticky-section-no\" data-id=\"e72d19c\" data-element_type=\"section\" data-e-type=\"section\">\n\t\t\t\t\t\t<div class=\"elementor-container elementor-column-gap-default\">\n\t\t\t\t\t<div class=\"elementor-column elementor-col-33 elementor-inner-column elementor-element elementor-element-9cc4167\" data-id=\"9cc4167\" data-element_type=\"column\" data-e-type=\"column\">\n\t\t\t<div class=\"elementor-widget-wrap\">\n\t\t\t\t\t\t\t<\/div>\n\t\t<\/div>\n\t\t\t\t<div class=\"elementor-column elementor-col-33 elementor-inner-column elementor-element elementor-element-40bc67b\" data-id=\"40bc67b\" data-element_type=\"column\" data-e-type=\"column\">\n\t\t\t<div class=\"elementor-widget-wrap\">\n\t\t\t\t\t\t\t<\/div>\n\t\t<\/div>\n\t\t\t\t<div class=\"elementor-column elementor-col-33 elementor-inner-column elementor-element elementor-element-8a13eb7\" data-id=\"8a13eb7\" data-element_type=\"column\" data-e-type=\"column\">\n\t\t\t<div class=\"elementor-widget-wrap\">\n\t\t\t\t\t\t\t<\/div>\n\t\t<\/div>\n\t\t\t\t\t<\/div>\n\t\t<\/section>\n\t\t\t\t\t<\/div>\n\t\t<\/div>\n\t\t\t\t\t<\/div>\n\t\t<\/section>\n\t\t\t\t<section class=\"elementor-section elementor-top-section elementor-element elementor-element-7e92bf5 elementor-section-boxed elementor-section-height-default elementor-section-height-default wpr-particle-no wpr-jarallax-no wpr-parallax-no wpr-sticky-section-no\" data-id=\"7e92bf5\" data-element_type=\"section\" data-e-type=\"section\">\n\t\t\t\t\t\t<div class=\"elementor-container elementor-column-gap-default\">\n\t\t\t\t\t<div class=\"elementor-column elementor-col-100 elementor-top-column elementor-element elementor-element-1eeda33\" data-id=\"1eeda33\" data-element_type=\"column\" data-e-type=\"column\">\n\t\t\t<div class=\"elementor-widget-wrap elementor-element-populated\">\n\t\t\t\t\t\t<section class=\"elementor-section elementor-inner-section elementor-element elementor-element-473ce43 elementor-section-boxed elementor-section-height-default elementor-section-height-default wpr-particle-no wpr-jarallax-no wpr-parallax-no wpr-sticky-section-no\" data-id=\"473ce43\" data-element_type=\"section\" data-e-type=\"section\">\n\t\t\t\t\t\t<div class=\"elementor-container elementor-column-gap-default\">\n\t\t\t\t\t<div class=\"elementor-column elementor-col-100 elementor-inner-column elementor-element elementor-element-2ade381\" data-id=\"2ade381\" data-element_type=\"column\" data-e-type=\"column\">\n\t\t\t<div class=\"elementor-widget-wrap elementor-element-populated\">\n\t\t\t\t\t\t<div class=\"elementor-element elementor-element-9d6e98f elementor-widget elementor-widget-heading\" data-id=\"9d6e98f\" data-element_type=\"widget\" data-e-type=\"widget\" data-widget_type=\"heading.default\">\n\t\t\t\t<div class=\"elementor-widget-container\">\n\t\t\t\t\t<h2 class=\"elementor-heading-title elementor-size-default\">Cyber S\u00e9curit\u00e9 <\/h2>\t\t\t\t<\/div>\n\t\t\t\t<\/div>\n\t\t\t\t<div class=\"elementor-element elementor-element-3487e9a elementor-widget-divider--view-line elementor-widget elementor-widget-divider\" data-id=\"3487e9a\" data-element_type=\"widget\" data-e-type=\"widget\" data-widget_type=\"divider.default\">\n\t\t\t\t<div class=\"elementor-widget-container\">\n\t\t\t\t\t\t\t<div class=\"elementor-divider\">\n\t\t\t<span class=\"elementor-divider-separator\">\n\t\t\t\t\t\t<\/span>\n\t\t<\/div>\n\t\t\t\t\t\t<\/div>\n\t\t\t\t<\/div>\n\t\t\t\t\t<\/div>\n\t\t<\/div>\n\t\t\t\t\t<\/div>\n\t\t<\/section>\n\t\t\t\t<div class=\"elementor-element elementor-element-e64199b elementor-widget elementor-widget-heading\" data-id=\"e64199b\" data-element_type=\"widget\" data-e-type=\"widget\" data-widget_type=\"heading.default\">\n\t\t\t\t<div class=\"elementor-widget-container\">\n\t\t\t\t\t<h2 class=\"elementor-heading-title elementor-size-default\">Brain, votre partenaire strat\u00e9gique en RDC et Afrique centrale<\/h2>\t\t\t\t<\/div>\n\t\t\t\t<\/div>\n\t\t\t\t<div class=\"elementor-element elementor-element-847c617 elementor-widget elementor-widget-text-editor\" data-id=\"847c617\" data-element_type=\"widget\" data-e-type=\"widget\" data-widget_type=\"text-editor.default\">\n\t\t\t\t<div class=\"elementor-widget-container\">\n\t\t\t\t\t\t\t\t\t<p>Face \u00e0 l\u2019augmentation des cyberattaques en Afrique centrale, les organisations doivent d\u00e9sormais prouver leur niveau de s\u00e9curit\u00e9, anticiper les risques et renforcer leurs infrastructures. <strong>Brain Consulting Services<\/strong>, partenaire officiel de <strong>Board of Cyber France<\/strong>, apporte une r\u00e9ponse compl\u00e8te, mesurable et op\u00e9rationnelle pour prot\u00e9ger vos actifs num\u00e9riques.\u00a0Nous combinons expertise internationale, technologies de pointe et compr\u00e9hension fine des r\u00e9alit\u00e9s locales.<\/p>\t\t\t\t\t\t\t\t<\/div>\n\t\t\t\t<\/div>\n\t\t\t\t\t<\/div>\n\t\t<\/div>\n\t\t\t\t\t<\/div>\n\t\t<\/section>\n\t\t\t\t<section class=\"elementor-section elementor-top-section elementor-element elementor-element-67a4923 elementor-section-boxed elementor-section-height-default elementor-section-height-default wpr-particle-no wpr-jarallax-no wpr-parallax-no wpr-sticky-section-no\" data-id=\"67a4923\" data-element_type=\"section\" data-e-type=\"section\">\n\t\t\t\t\t\t<div class=\"elementor-container elementor-column-gap-default\">\n\t\t\t\t\t<div class=\"elementor-column elementor-col-100 elementor-top-column elementor-element elementor-element-7ef34f3\" data-id=\"7ef34f3\" data-element_type=\"column\" data-e-type=\"column\">\n\t\t\t<div class=\"elementor-widget-wrap elementor-element-populated\">\n\t\t\t\t\t\t<section class=\"elementor-section elementor-inner-section elementor-element elementor-element-3888d2c elementor-section-boxed elementor-section-height-default elementor-section-height-default wpr-particle-no wpr-jarallax-no wpr-parallax-no wpr-sticky-section-no\" data-id=\"3888d2c\" data-element_type=\"section\" data-e-type=\"section\">\n\t\t\t\t\t\t<div class=\"elementor-container elementor-column-gap-default\">\n\t\t\t\t\t<div class=\"elementor-column elementor-col-50 elementor-inner-column elementor-element elementor-element-0201f1f\" data-id=\"0201f1f\" data-element_type=\"column\" data-e-type=\"column\">\n\t\t\t<div class=\"elementor-widget-wrap elementor-element-populated\">\n\t\t\t\t\t\t<div class=\"elementor-element elementor-element-972fa29 wpr-feature-list-left wpr-feature-list-square elementor-widget elementor-widget-wpr-feature-list\" data-id=\"972fa29\" data-element_type=\"widget\" data-e-type=\"widget\" data-widget_type=\"wpr-feature-list.default\">\n\t\t\t\t<div class=\"elementor-widget-container\">\n\t\t\t\t\t<div class=\"wpr-feature-list-wrap\"><ul class=\"wpr-feature-list\"><li class=\"wpr-feature-list-item elementor-repeater-item-4d13046\"><div class=\"wpr-feature-list-icon-wrap\"><span class=\"wpr-feature-list-line\"><\/span><div class=\"wpr-feature-list-icon-inner-wrap\"><i aria-hidden=\"true\" class=\"icon icon-padlock-1\"><\/i><\/div><\/div><div class=\"wpr-feature-list-content-wrap\"><h2 class=\"wpr-feature-list-title\"><a class=\"wpr-feature-list-url\" target=\"_blank\" rel=\"nofollow\">Cyber Rating : votre niveau de s\u00e9curit\u00e9, mesur\u00e9 et reconnu<\/a><\/h2><p class=\"wpr-feature-list-description\">Le Cyber Rating \u00e9value la maturit\u00e9 globale de votre cybers\u00e9curit\u00e9. Vous b\u00e9n\u00e9ficiez d\u2019un diagnostic ind\u00e9pendant, clair et compr\u00e9hensible, accompagn\u00e9 de recommandations prioritaires. <br>\nId\u00e9al pour :<br>\n\u2022\tRenforcer la confiance de vos partenaires <br>\n\u2022\tPr\u00e9parer audits et certifications<br>\n\u2022\tPiloter vos risques avec des indicateurs simples\n\n<\/p><\/div><\/li><\/ul><\/div>\t\t\t\t<\/div>\n\t\t\t\t<\/div>\n\t\t\t\t\t<\/div>\n\t\t<\/div>\n\t\t\t\t<div class=\"elementor-column elementor-col-50 elementor-inner-column elementor-element elementor-element-5f4b406\" data-id=\"5f4b406\" data-element_type=\"column\" data-e-type=\"column\">\n\t\t\t<div class=\"elementor-widget-wrap elementor-element-populated\">\n\t\t\t\t\t\t<div class=\"elementor-element elementor-element-240934e wpr-feature-list-left wpr-feature-list-square elementor-widget elementor-widget-wpr-feature-list\" data-id=\"240934e\" data-element_type=\"widget\" data-e-type=\"widget\" data-widget_type=\"wpr-feature-list.default\">\n\t\t\t\t<div class=\"elementor-widget-container\">\n\t\t\t\t\t<div class=\"wpr-feature-list-wrap\"><ul class=\"wpr-feature-list\"><li class=\"wpr-feature-list-item elementor-repeater-item-4d13046\"><div class=\"wpr-feature-list-icon-wrap\"><span class=\"wpr-feature-list-line\"><\/span><div class=\"wpr-feature-list-icon-inner-wrap\"><i aria-hidden=\"true\" class=\"fas fa-shield-alt\"><\/i><\/div><\/div><div class=\"wpr-feature-list-content-wrap\"><h2 class=\"wpr-feature-list-title\"><a class=\"wpr-feature-list-url\" target=\"_blank\" rel=\"nofollow\">365 Rating : s\u00e9curiser votre environnement Microsoft 365<\/a><\/h2><p class=\"wpr-feature-list-description\">Microsoft 365 est devenu la colonne vert\u00e9brale du travail collaboratif. Mal configur\u00e9, il devient une porte d\u2019entr\u00e9e pour les cybercriminels.<br>\nLe 365 Rating analyse la s\u00e9curit\u00e9 de votre environnement Microsoft 365 :<br>\n\u2022 Gestion des identit\u00e9s et acc\u00e8s<br>\n\u2022 Configuration Exchange, SharePoint, Teams <br>\n\u2022 MFA, politiques de s\u00e9curit\u00e9, conformit\u00e9 <br>\n\u2022 Risques de fuite de donn\u00e9es <br>\nVous recevez un plan d\u2019action clair pour renforcer votre s\u00e9curit\u00e9 cloud.\n<\/p><\/div><\/li><\/ul><\/div>\t\t\t\t<\/div>\n\t\t\t\t<\/div>\n\t\t\t\t\t<\/div>\n\t\t<\/div>\n\t\t\t\t\t<\/div>\n\t\t<\/section>\n\t\t\t\t<section class=\"elementor-section elementor-inner-section elementor-element elementor-element-3e55a49 elementor-section-boxed elementor-section-height-default elementor-section-height-default wpr-particle-no wpr-jarallax-no wpr-parallax-no wpr-sticky-section-no\" data-id=\"3e55a49\" data-element_type=\"section\" data-e-type=\"section\">\n\t\t\t\t\t\t<div class=\"elementor-container elementor-column-gap-default\">\n\t\t\t\t\t<div class=\"elementor-column elementor-col-50 elementor-inner-column elementor-element elementor-element-66ed839\" data-id=\"66ed839\" data-element_type=\"column\" data-e-type=\"column\">\n\t\t\t<div class=\"elementor-widget-wrap elementor-element-populated\">\n\t\t\t\t\t\t<div class=\"elementor-element elementor-element-9aa7a92 wpr-feature-list-left wpr-feature-list-square elementor-widget elementor-widget-wpr-feature-list\" data-id=\"9aa7a92\" data-element_type=\"widget\" data-e-type=\"widget\" data-widget_type=\"wpr-feature-list.default\">\n\t\t\t\t<div class=\"elementor-widget-container\">\n\t\t\t\t\t<div class=\"wpr-feature-list-wrap\"><ul class=\"wpr-feature-list\"><li class=\"wpr-feature-list-item elementor-repeater-item-4d13046\"><div class=\"wpr-feature-list-icon-wrap\"><span class=\"wpr-feature-list-line\"><\/span><div class=\"wpr-feature-list-icon-inner-wrap\"><i aria-hidden=\"true\" class=\"fas fa-puzzle-piece\"><\/i><\/div><\/div><div class=\"wpr-feature-list-content-wrap\"><h2 class=\"wpr-feature-list-title\"><a class=\"wpr-feature-list-url\" target=\"_blank\" rel=\"nofollow\">Active Directory Rating : <br> Prot\u00e9ger le c\u0153ur de votre syst\u00e8me d\u2019information<\/a><\/h2><p class=\"wpr-feature-list-description\">L\u2019Active Directory est la cl\u00e9 de vo\u00fbte de votre infrastructure.\nNotre Active Directory Rating identifie les failles critiques, les mauvaises configurations et les risques d\u2019escalade de privil\u00e8ges.<br>\nVous obtenez une feuille de route prioris\u00e9e pour s\u00e9curiser durablement votre SI.\n<\/p><\/div><\/li><\/ul><\/div>\t\t\t\t<\/div>\n\t\t\t\t<\/div>\n\t\t\t\t\t<\/div>\n\t\t<\/div>\n\t\t\t\t<div class=\"elementor-column elementor-col-50 elementor-inner-column elementor-element elementor-element-116beca\" data-id=\"116beca\" data-element_type=\"column\" data-e-type=\"column\">\n\t\t\t<div class=\"elementor-widget-wrap elementor-element-populated\">\n\t\t\t\t\t\t<div class=\"elementor-element elementor-element-8d6a741 wpr-feature-list-left wpr-feature-list-square elementor-widget elementor-widget-wpr-feature-list\" data-id=\"8d6a741\" data-element_type=\"widget\" data-e-type=\"widget\" data-widget_type=\"wpr-feature-list.default\">\n\t\t\t\t<div class=\"elementor-widget-container\">\n\t\t\t\t\t<div class=\"wpr-feature-list-wrap\"><ul class=\"wpr-feature-list\"><li class=\"wpr-feature-list-item elementor-repeater-item-4d13046\"><div class=\"wpr-feature-list-icon-wrap\"><span class=\"wpr-feature-list-line\"><\/span><div class=\"wpr-feature-list-icon-inner-wrap\"><i aria-hidden=\"true\" class=\"fas fa-university\"><\/i><\/div><\/div><div class=\"wpr-feature-list-content-wrap\"><h2 class=\"wpr-feature-list-title\"><a class=\"wpr-feature-list-url\" target=\"_blank\" rel=\"nofollow\">Trust HQ : <br>Votre cockpit de pilotage cyber<\/a><\/h2><p class=\"wpr-feature-list-description\">Trust HQ centralise vos indicateurs, vos risques, vos plans d\u2019action et vos niveaux de conformit\u00e9.\nVous pilotez votre cybers\u00e9curit\u00e9 en temps r\u00e9el, avec une vision claire et un reporting adapt\u00e9 aux dirigeants.<br>\nUn outil indispensable pour structurer et acc\u00e9l\u00e9rer votre mont\u00e9e en maturit\u00e9.\n<\/p><\/div><\/li><\/ul><\/div>\t\t\t\t<\/div>\n\t\t\t\t<\/div>\n\t\t\t\t\t<\/div>\n\t\t<\/div>\n\t\t\t\t\t<\/div>\n\t\t<\/section>\n\t\t\t\t<section class=\"elementor-section elementor-inner-section elementor-element elementor-element-1613266 elementor-section-boxed elementor-section-height-default elementor-section-height-default wpr-particle-no wpr-jarallax-no wpr-parallax-no wpr-sticky-section-no\" data-id=\"1613266\" data-element_type=\"section\" data-e-type=\"section\">\n\t\t\t\t\t\t<div class=\"elementor-container elementor-column-gap-default\">\n\t\t\t\t\t<div class=\"elementor-column elementor-col-50 elementor-inner-column elementor-element elementor-element-9c6b08e\" data-id=\"9c6b08e\" data-element_type=\"column\" data-e-type=\"column\">\n\t\t\t<div class=\"elementor-widget-wrap elementor-element-populated\">\n\t\t\t\t\t\t<div class=\"elementor-element elementor-element-5bcd3b5 wpr-feature-list-left wpr-feature-list-square elementor-widget elementor-widget-wpr-feature-list\" data-id=\"5bcd3b5\" data-element_type=\"widget\" data-e-type=\"widget\" data-widget_type=\"wpr-feature-list.default\">\n\t\t\t\t<div class=\"elementor-widget-container\">\n\t\t\t\t\t<div class=\"wpr-feature-list-wrap\"><ul class=\"wpr-feature-list\"><li class=\"wpr-feature-list-item elementor-repeater-item-4d13046\"><div class=\"wpr-feature-list-icon-wrap\"><span class=\"wpr-feature-list-line\"><\/span><div class=\"wpr-feature-list-icon-inner-wrap\"><i aria-hidden=\"true\" class=\"fas fa-certificate\"><\/i><\/div><\/div><div class=\"wpr-feature-list-content-wrap\"><h2 class=\"wpr-feature-list-title\"><a class=\"wpr-feature-list-url\" target=\"_blank\" rel=\"nofollow\">Ing\u00e9nieurs certifi\u00e9s sur site : expertise imm\u00e9diate, r\u00e9sultats concrets<\/a><\/h2><p class=\"wpr-feature-list-description\">En cas de besoin, Brain d\u00e9ploie sur site des ing\u00e9nieurs certifi\u00e9s, capables de :<br>\n\u2022\tPiloter vos rem\u00e9diations<br>\n\u2022\tRenforcer vos \u00e9quipes internes<br>\n\u2022\tAccompagner vos audits<br>\n\u2022\tAssurer un suivi op\u00e9rationnel rigoureux<br>\nNous garantissons une intervention rapide, efficace et adapt\u00e9e \u00e0 vos contraintes locales.\n<\/p><\/div><\/li><\/ul><\/div>\t\t\t\t<\/div>\n\t\t\t\t<\/div>\n\t\t\t\t\t<\/div>\n\t\t<\/div>\n\t\t\t\t<div class=\"elementor-column elementor-col-50 elementor-inner-column elementor-element elementor-element-517e18c\" data-id=\"517e18c\" data-element_type=\"column\" data-e-type=\"column\">\n\t\t\t<div class=\"elementor-widget-wrap elementor-element-populated\">\n\t\t\t\t\t\t<div class=\"elementor-element elementor-element-f090d9f wpr-feature-list-left wpr-feature-list-square elementor-widget elementor-widget-wpr-feature-list\" data-id=\"f090d9f\" data-element_type=\"widget\" data-e-type=\"widget\" data-widget_type=\"wpr-feature-list.default\">\n\t\t\t\t<div class=\"elementor-widget-container\">\n\t\t\t\t\t<div class=\"wpr-feature-list-wrap\"><ul class=\"wpr-feature-list\"><li class=\"wpr-feature-list-item elementor-repeater-item-4d13046\"><div class=\"wpr-feature-list-icon-wrap\"><span class=\"wpr-feature-list-line\"><\/span><div class=\"wpr-feature-list-icon-inner-wrap\"><i aria-hidden=\"true\" class=\"fas fa-brain\"><\/i><\/div><\/div><div class=\"wpr-feature-list-content-wrap\"><h2 class=\"wpr-feature-list-title\"><a class=\"wpr-feature-list-url\" target=\"_blank\" rel=\"nofollow\">Brain Consulting Services : prot\u00e9ger aujourd\u2019hui, renforcer demain<\/a><\/h2><p class=\"wpr-feature-list-description\">Avec Brain, vous b\u00e9n\u00e9ficiez d\u2019une approche compl\u00e8te, mesurable et op\u00e9rationnelle de la cybers\u00e9curit\u00e9.<br>\nNous vous aidons \u00e0 b\u00e2tir une organisation r\u00e9siliente, cr\u00e9dible et pr\u00eate \u00e0 affronter les menaces num\u00e9riques.\n<\/p><\/div><\/li><\/ul><\/div>\t\t\t\t<\/div>\n\t\t\t\t<\/div>\n\t\t\t\t\t<\/div>\n\t\t<\/div>\n\t\t\t\t\t<\/div>\n\t\t<\/section>\n\t\t\t\t\t<\/div>\n\t\t<\/div>\n\t\t\t\t\t<\/div>\n\t\t<\/section>\n\t\t\t\t<\/div>\n\t\t","protected":false},"excerpt":{"rendered":"<p>Cyber S\u00e9curit\u00e9 Brain, votre partenaire strat\u00e9gique en RDC et Afrique centrale Face \u00e0 l\u2019augmentation des cyberattaques en Afrique centrale, les organisations doivent d\u00e9sormais prouver leur niveau de s\u00e9curit\u00e9, anticiper les risques et renforcer leurs infrastructures. Brain Consulting Services, partenaire officiel de Board of Cyber France, apporte une r\u00e9ponse compl\u00e8te, mesurable et op\u00e9rationnelle pour prot\u00e9ger vos actifs num\u00e9riques.\u00a0Nous combinons expertise internationale, technologies de pointe et compr\u00e9hension fine des r\u00e9alit\u00e9s locales. Cyber Rating : votre niveau de s\u00e9curit\u00e9, mesur\u00e9 et reconnu Le Cyber Rating \u00e9value la maturit\u00e9 globale de votre cybers\u00e9curit\u00e9. Vous b\u00e9n\u00e9ficiez d\u2019un diagnostic ind\u00e9pendant, clair et compr\u00e9hensible, accompagn\u00e9 de recommandations prioritaires. Id\u00e9al pour : \u2022 Renforcer la confiance de vos partenaires \u2022 Pr\u00e9parer audits et certifications \u2022 Piloter vos risques avec des indicateurs simples 365 Rating : s\u00e9curiser votre environnement Microsoft 365 Microsoft 365 est devenu la colonne vert\u00e9brale du travail collaboratif. Mal configur\u00e9, il devient une porte d\u2019entr\u00e9e pour les cybercriminels. Le 365 Rating analyse la s\u00e9curit\u00e9 de votre environnement Microsoft 365 : \u2022 Gestion des identit\u00e9s et acc\u00e8s \u2022 Configuration Exchange, SharePoint, Teams \u2022 MFA, politiques de s\u00e9curit\u00e9, conformit\u00e9 \u2022 Risques de fuite de donn\u00e9es Vous recevez un plan d\u2019action clair pour renforcer votre s\u00e9curit\u00e9 cloud. Active Directory Rating : Prot\u00e9ger le c\u0153ur de votre syst\u00e8me d\u2019information L\u2019Active Directory est la cl\u00e9 de vo\u00fbte de votre infrastructure. Notre Active Directory Rating identifie les failles critiques, les mauvaises configurations et les risques d\u2019escalade de privil\u00e8ges. Vous obtenez une feuille de route prioris\u00e9e pour s\u00e9curiser durablement votre SI. Trust HQ : Votre cockpit de pilotage cyber Trust HQ centralise vos indicateurs, vos risques, vos plans d\u2019action et vos niveaux de conformit\u00e9. Vous pilotez votre cybers\u00e9curit\u00e9 en temps r\u00e9el, avec une vision claire et un reporting adapt\u00e9 aux dirigeants. Un outil indispensable pour structurer et acc\u00e9l\u00e9rer votre mont\u00e9e en maturit\u00e9. Ing\u00e9nieurs certifi\u00e9s sur site : expertise imm\u00e9diate, r\u00e9sultats concrets En cas de besoin, Brain d\u00e9ploie sur site des ing\u00e9nieurs certifi\u00e9s, capables de : \u2022 Piloter vos rem\u00e9diations \u2022 Renforcer vos \u00e9quipes internes \u2022 Accompagner vos audits \u2022 Assurer un suivi op\u00e9rationnel rigoureux Nous garantissons une intervention rapide, efficace et adapt\u00e9e \u00e0 vos contraintes locales. Brain Consulting Services : prot\u00e9ger aujourd\u2019hui, renforcer demain Avec Brain, vous b\u00e9n\u00e9ficiez d\u2019une approche compl\u00e8te, mesurable et op\u00e9rationnelle de la cybers\u00e9curit\u00e9. Nous vous aidons \u00e0 b\u00e2tir une organisation r\u00e9siliente, cr\u00e9dible et pr\u00eate \u00e0 affronter les menaces num\u00e9riques.<\/p>\n","protected":false},"author":1,"featured_media":0,"parent":0,"menu_order":0,"comment_status":"closed","ping_status":"closed","template":"elementor_canvas","meta":{"footnotes":""},"class_list":["post-635","page","type-page","status-publish","hentry"],"_links":{"self":[{"href":"http:\/\/bcs-rdc.com\/2023\/wp-json\/wp\/v2\/pages\/635","targetHints":{"allow":["GET"]}}],"collection":[{"href":"http:\/\/bcs-rdc.com\/2023\/wp-json\/wp\/v2\/pages"}],"about":[{"href":"http:\/\/bcs-rdc.com\/2023\/wp-json\/wp\/v2\/types\/page"}],"author":[{"embeddable":true,"href":"http:\/\/bcs-rdc.com\/2023\/wp-json\/wp\/v2\/users\/1"}],"replies":[{"embeddable":true,"href":"http:\/\/bcs-rdc.com\/2023\/wp-json\/wp\/v2\/comments?post=635"}],"version-history":[{"count":67,"href":"http:\/\/bcs-rdc.com\/2023\/wp-json\/wp\/v2\/pages\/635\/revisions"}],"predecessor-version":[{"id":710,"href":"http:\/\/bcs-rdc.com\/2023\/wp-json\/wp\/v2\/pages\/635\/revisions\/710"}],"wp:attachment":[{"href":"http:\/\/bcs-rdc.com\/2023\/wp-json\/wp\/v2\/media?parent=635"}],"curies":[{"name":"wp","href":"https:\/\/api.w.org\/{rel}","templated":true}]}}